{"id":220,"date":"2017-01-19T11:48:42","date_gmt":"2017-01-19T04:48:42","guid":{"rendered":"http:\/\/www.metajobs.co\/test\/vi\/about-metasource\/"},"modified":"2017-08-03T11:15:06","modified_gmt":"2017-08-03T04:15:06","slug":"about-metasource","status":"publish","type":"page","link":"https:\/\/www.metajobs.co\/vi\/about-metasource\/","title":{"rendered":"V\u1ec1 ch\u00fang t\u00f4i"},"content":{"rendered":"<h4>Ph\u01b0\u01a1ng Ch\u00e2m<\/h4>\n<p>Ch\u00fang t\u00f4i mu\u1ed1n th\u1ea5y kh\u00e1ch h\u00e0ng ph\u00e1t tri\u1ec3n b\u1ec1n v\u1eefng. Ch\u00fang t\u00f4i kh\u00f4ng ph\u1ea3i m\u1ed9t c\u00f4ng ty outsource t\u00ecm ki\u1ebfm l\u1ee3i nhu\u1eadn t\u1ee9c th\u1eddi; ch\u00fang t\u00f4i mu\u1ed1n gi\u00fap x\u00e2y d\u1ef1ng \u0111\u1ed9i ng\u0169 c\u1ee7a b\u1ea1n. Ch\u00fang t\u00f4i mu\u1ed1n kh\u00e1ch h\u00e0ng t\u1eadp trung to\u00e0n l\u1ef1c v\u00e0o vi\u1ec7c x\u00e2y d\u1ef1ng nh\u1eefng s\u1ea3n ph\u1ea9m v\u00e0 d\u1ecbch v\u1ee5 tuy\u1ec7t v\u1eddi &#8230; trong khi ch\u00fang t\u00f4i gi\u1ea3i quy\u1ebft nh\u1eefng r\u1eafc r\u1ed1i ph\u00e1t sinh.<\/p>\n<p>Metasource \u0111\u01b0\u1ee3c ph\u00e1t tri\u1ec3n t\u1eeb <a href=\"http:\/\/saigoncoworking.com\/\" target=\"_blank\" rel=\"noopener\">Saigon Coworking<\/a>, coworking space ho\u1ea1t \u0111\u1ed9ng l\u00e2u nh\u1ea5t t\u1ea1i th\u00e0nh ph\u1ed1 H\u1ed3 Ch\u00ed Minh. \u0110\u01b0\u1ee3c th\u00e0nh l\u1eadp b\u1edfi Simone Elifani v\u00e0 James Bairstow, Metasource mang l\u1ea1i gi\u00e1 tr\u1ecb m\u1edbi trong ho\u1ea1t \u0111\u1ed9ng outsourcing v\u00e0 offshoring t\u1ea1i ch\u00e2u \u00c1. Simone c\u00f3 nhi\u1ec1u kinh nghi\u1ec7m t\u01b0 v\u1ea5n cho v\u00f4 s\u1ed1 doanh nh\u00e2n, k\u0129 thu\u1eadt vi\u00ean l\u00e0m vi\u1ec7c t\u1ef1 do v\u00e0 c\u00e1c c\u00f4ng ty kh\u1edfi nghi\u1ec7p theo \u0111u\u1ed5i ho\u00e0i b\u00e3o c\u1ee7a m\u00ecnh t\u1ea1i Saigon Coworking, trong khi James mu\u1ed1n n\u00e2ng cao s\u1ef1 chuy\u00ean nghi\u1ec7p trong ch\u1ea5t l\u01b0\u1ee3ng d\u1ecbch v\u1ee5.<\/p>\n<p>Ch\u00fang t\u00f4i h\u1ee9ng th\u00fa v\u1edbi s\u1ef1 \u0111i l\u00ean trong c\u00f4ng ngh\u1ec7 v\u00e0 khung c\u1ea3nh kh\u1edfi nghi\u1ec7p s\u00f4i n\u1ed5i t\u1ea1i Ch\u00e2u \u00c1. B\u00ean c\u1ea1nh nh\u1eefng c\u00e2u chuy\u1ec7n th\u1ea5t b\u1ea1i, b\u1ea1n v\u1eabn c\u00f3 nhi\u1ec1u c\u01a1 h\u1ed9i t\u00ecm \u0111\u00fang nh\u00e2n t\u00e0i v\u00e0 g\u1eb7t h\u00e1i th\u00e0nh c\u00f4ng. Ch\u00fang t\u00f4i tin ch\u1eafc r\u1eb1ng \u1edf h\u1ea7u h\u1ebft m\u1ecdi l\u0129nh v\u1ef1c, \u0111\u1ec3 \u0111\u1ea1t \u0111\u01b0\u1ee3c th\u00e0nh c\u00f4ng kinh doanh, ch\u00e2u \u00c1 l\u00e0 m\u1ed9t m\u1ea3nh \u0111\u1ea5t h\u1ee9a h\u1eb9n.. Ri\u00eang Vi\u1ec7t Nam \u0111ang tr\u00ean \u0111\u00e0 ph\u00e1t tri\u1ec3n m\u1ea1nh v\u00e0 b\u00e2y gi\u1edd l\u00e0 th\u1eddi \u0111i\u1ec3m \u0111\u1ec3 b\u1eaft l\u1ea5y th\u1eddi c\u01a1. H\u00e3y tin t\u01b0\u1edfng v\u00e0o chuy\u00ean m\u00f4n c\u1ee7a ch\u00fang t\u00f4i l\u00e0m l\u1ee3i th\u1ec3 \u0111\u1ec3 b\u1ea1n b\u1eaft \u0111\u1ea7u t\u1ea1i Vi\u1ec7t Nam!<\/p>\n","protected":false},"excerpt":{"rendered":"<p>Ph\u01b0\u01a1ng Ch\u00e2m Ch\u00fang t\u00f4i mu\u1ed1n th\u1ea5y kh\u00e1ch h\u00e0ng ph\u00e1t tri\u1ec3n b\u1ec1n v\u1eefng. Ch\u00fang t\u00f4i kh\u00f4ng ph\u1ea3i m\u1ed9t c\u00f4ng ty outsource t\u00ecm ki\u1ebfm l\u1ee3i nhu\u1eadn t\u1ee9c th\u1eddi; ch\u00fang t\u00f4i mu\u1ed1n gi\u00fap x\u00e2y d\u1ef1ng \u0111\u1ed9i ng\u0169 c\u1ee7a b\u1ea1n. Ch\u00fang t\u00f4i mu\u1ed1n kh\u00e1ch h\u00e0ng t\u1eadp trung to\u00e0n l\u1ef1c v\u00e0o vi\u1ec7c x\u00e2y d\u1ef1ng nh\u1eefng s\u1ea3n ph\u1ea9m v\u00e0 d\u1ecbch v\u1ee5 [&hellip;]<\/p>\n","protected":false},"author":25,"featured_media":224,"parent":0,"menu_order":0,"comment_status":"closed","ping_status":"closed","template":"page-about.php","meta":{"_monsterinsights_skip_tracking":false,"_monsterinsights_sitenote_active":false,"_monsterinsights_sitenote_note":"","_monsterinsights_sitenote_category":0},"_links":{"self":[{"href":"https:\/\/www.metajobs.co\/vi\/wp-json\/wp\/v2\/pages\/220"}],"collection":[{"href":"https:\/\/www.metajobs.co\/vi\/wp-json\/wp\/v2\/pages"}],"about":[{"href":"https:\/\/www.metajobs.co\/vi\/wp-json\/wp\/v2\/types\/page"}],"author":[{"embeddable":true,"href":"https:\/\/www.metajobs.co\/vi\/wp-json\/wp\/v2\/users\/25"}],"replies":[{"embeddable":true,"href":"https:\/\/www.metajobs.co\/vi\/wp-json\/wp\/v2\/comments?post=220"}],"version-history":[{"count":9,"href":"https:\/\/www.metajobs.co\/vi\/wp-json\/wp\/v2\/pages\/220\/revisions"}],"predecessor-version":[{"id":1141,"href":"https:\/\/www.metajobs.co\/vi\/wp-json\/wp\/v2\/pages\/220\/revisions\/1141"}],"wp:featuredmedia":[{"embeddable":true,"href":"https:\/\/www.metajobs.co\/vi\/wp-json\/wp\/v2\/media\/224"}],"wp:attachment":[{"href":"https:\/\/www.metajobs.co\/vi\/wp-json\/wp\/v2\/media?parent=220"}],"curies":[{"name":"wp","href":"https:\/\/api.w.org\/{rel}","templated":true}]}}