{"id":597,"date":"2017-02-13T17:29:29","date_gmt":"2017-02-13T10:29:29","guid":{"rendered":"http:\/\/www.metajobs.co\/vi\/metasource-faq\/"},"modified":"2017-08-03T10:50:14","modified_gmt":"2017-08-03T03:50:14","slug":"metasource-faq","status":"publish","type":"page","link":"https:\/\/www.metajobs.co\/vi\/metasource-faq\/","title":{"rendered":"H\u1ecfi \u0110\u00e1p"},"content":{"rendered":"<h2><b>T\u00f4i c\u00f3 th\u1ec3 t\u00ecm \u0111\u01b0\u1ee3c lo\u1ea1i c\u00f4ng vi\u1ec7c n\u00e0o v\u1edbi Metajobs?<\/b><\/h2>\n<p><span style=\"font-weight: 400;\">Metajobs h\u1ed7 tr\u1ee3 c\u00f4ng ty n\u01b0\u1edbc ngo\u00e0i t\u00ecm ki\u1ebfm nh\u00e2n l\u1ef1c t\u1ea1i Vi\u1ec7t Nam. \u0110a ph\u1ea7n c\u00f4ng vi\u1ec7c \u0111\u0103ng tr\u00ean Metajobs th\u01b0\u1eddng li\u00ean quan \u0111\u1ebfn l\u0129nh v\u1ef1c ph\u00e1t tri\u1ec3n ph\u1ea7n m\u1ec1m v\u00e0 c\u00f4ng ngh\u1ec7. Tuy nhi\u00ean, nhu c\u1ea7u cho c\u00e1c v\u1ecb tr\u00ed h\u1ed7 tr\u1ee3 kh\u00e1c nh\u01b0 qu\u1ea3n l\u00fd v\u0103n ph\u00f2ng, th\u01b0 k\u00fd ho\u1eb7c d\u1ecbch thu\u1eadt c\u0169ng r\u1ea5t cao.<\/span><\/p>\n<h2><b>C\u00e1c c\u00f4ng vi\u1ec7c n\u00e0y mang l\u1ea1i l\u1ee3i \u00edch g\u00ec?<\/b><\/h2>\n<p><span style=\"font-weight: 400;\">C\u00e1c c\u00f4ng vi\u1ec7c t\u1ea1i c\u00f4ng ty n\u01b0\u1edbc ngo\u00e0i mang l\u1ea1i r\u1ea5t nhi\u1ec1u l\u1ee3i \u00edch. C\u1ee5 th\u1ec3 cho l\u0129nh v\u1ef1c c\u00f4ng ngh\u1ec7, ch\u00fang t\u00f4i c\u00f3 m\u1ed9t b\u00e0i vi\u1ec7c th\u1ea3o lu\u1eadn v\u1ec1 c\u00e1c l\u1ee3i \u00edch khi l\u00e0m vi\u1ec7c cho c\u00e1c <\/span><a href=\"http:\/\/www.metajobs.co\/benefits-working-international-startup\/\"><span style=\"font-weight: 400;\">startup n\u01b0\u1edbc ngo\u00e0i<\/span><\/a><span style=\"font-weight: 400;\">.<\/span><\/p>\n<p><span style=\"font-weight: 400;\">T\u1ea5t c\u1ea3 c\u00f4ng vi\u1ec7c v\u1edbi c\u00f4ng ty n\u01b0\u1edbc ngo\u00e0i \u0111\u01b0\u1ee3c \u0111\u0103ng tr\u00ean Metajobs \u0111\u1ec1u tu\u00e2n th\u1ee7 c\u00e1c quy \u0111\u1ecbnh c\u1ee7a lu\u1eadt ph\u00e1p Vi\u1ec7t Nam v\u1ec1 b\u1ea3o hi\u1ec3m x\u00e3 h\u1ed9i v\u00e0 thu\u1ebf.<\/span><\/p>\n<h2><b>L\u00e0m sao \u0111\u1ec3 t\u00f4i t\u0103ng kh\u1ea3 n\u0103ng m\u00ecnh nh\u1eadn \u0111\u01b0\u1ee3c c\u00f4ng vi\u1ec7c?<\/b><\/h2>\n<p><span style=\"font-weight: 400;\">B\u1ea1n lu\u00f4n lu\u00f4n ph\u1ea3i chu\u1ea9n b\u1ecb k\u1ef9 cho t\u1eebng c\u00f4ng vi\u1ec7c b\u1ea1n n\u1ed9p v\u00e0o. H\u00e3y t\u00ecm hi\u1ec3u v\u1ec1 c\u00f4ng ty v\u00e0 chu\u1ea9n b\u1ecb t\u1ed1t cho c\u00e1c bu\u1ed5i ph\u1ecfng v\u1ea5n v\u1edbi ch\u00fang t\u00f4i v\u00e0 v\u1edbi c\u00e1c c\u00f4ng ty n\u01b0\u1edbc ngo\u00e0i.<\/span><\/p>\n<h2><b>T\u00f4i n\u1ed9p \u0111\u01a1n xin tuy\u1ec3n nh\u01b0 th\u1ebf n\u00e0o?<\/b><\/h2>\n<p><span style=\"font-weight: 400;\">Y\u00eau c\u1ea7u v\u00e0 quy tr\u00ecnh xin tuy\u1ec3n c\u00f3 th\u1ec3 thay \u0111\u1ed5i t\u00f9y v\u00e0o t\u1eebng c\u00f4ng vi\u1ec7c. H\u00e3y \u0111\u1ecdc k\u0129 v\u00e0 l\u00e0m theo h\u01b0\u1edbng d\u1eabn c\u1ee7a t\u1eebng c\u00f4ng vi\u1ec7c m\u00e0 b\u1ea1n mu\u1ed1n \u1ee9ng tuy\u1ec3n.<\/span><\/p>\n<p><span style=\"font-weight: 400;\">\u00cdt nh\u1ea5t, b\u1ea1n c\u1ea7n ph\u1ea3i g\u1eedi \u0111\u01a1n xin vi\u1ec7c \u0111\u01b0\u1ee3c c\u1eadp nh\u1eadt \u0111\u1ea7y \u0111\u1ee7 \u0111\u1ebfn <\/span><a href=\"mailto:talent@metasource.co\"><span style=\"font-weight: 400;\">talent@metasource.co<\/span><\/a><span style=\"font-weight: 400;\">. Th\u01b0\u1eddng th\u00ec \u0111\u01a1n xin n\u00ean vi\u1ebft b\u1eb1ng ti\u1ebfng Anh n\u1ebfu ti\u1ebfng Anh l\u00e0 m\u1ed9t trong nh\u1eefng y\u00eau c\u1ea7u c\u1ee7a c\u00f4ng vi\u1ec7c. Ch\u00fang t\u00f4i lu\u00f4n khuy\u1ebfn kh\u00edch \u1ee9ng vi\u00ean g\u1eedi th\u00eam th\u01b0 b\u00e0y t\u1ecf nguy\u1ec7n v\u1ecdng (cover letter) v\u00ec \u0111\u00e2y l\u00e0 c\u01a1 h\u1ed9i cho h\u1ecd tr\u00ecnh b\u00e0y v\u1edbi nh\u00e0 tuy\u1ec3n d\u1ee5ng t\u1ea1i sao h\u1ecd l\u00e0 l\u1ef1a ch\u1ecdn t\u1ed1t nh\u1ea5t cho v\u1ecb tr\u00ed n\u00e0y.<\/span><\/p>\n<p><span style=\"font-weight: 400;\">Ch\u00fang t\u00f4i c\u00f3 v\u00e0i m\u1eb9o gi\u00fap b\u1ea1n <a href=\"http:\/\/www.metajobs.co\/improveyourcv\/\">c\u1ea3i thi\u1ec7n \u0111\u01a1n xin vi\u1ec7c<\/a> c\u1ee7a m\u00ecnh.<\/span><\/p>\n<h2><b>Sau khi t\u00f4i \u1ee9ng tuy\u1ec3n, b\u01b0\u1edbc ti\u1ebfp theo l\u00e0 g\u00ec?<\/b><\/h2>\n<p><span style=\"font-weight: 400;\">T\u00f9y theo y\u00eau c\u1ea7u c\u1ee7a t\u1eebng c\u00f4ng vi\u1ec7c, b\u1ea1n c\u00f3 th\u1ec3 ph\u1ea3i d\u1ef1 ph\u1ecfng v\u1ea5n 2-3 v\u00f2ng v\u00e0 y\u00eau c\u1ea7u l\u00e0m th\u00eam b\u00e0i ki\u1ec3m tra chuy\u00ean m\u00f4n ho\u1eb7c t\u00ednh c\u00e1ch. Th\u1eddi gian c\u00f3 th\u1ec3 k\u00e9o d\u00e0i t\u1eeb 1 tu\u1ea7n \u0111\u1ebfn 1 th\u00e1ng t\u00f9y v\u00e0o quy tr\u00ecnh ch\u1ecdn l\u1ecdc \u0111\u01b0\u1ee3c quy\u1ebft \u0111\u1ecbnh b\u1edfi c\u00f4ng ty n\u01b0\u1edbc ngo\u00e0i.<\/span><\/p>\n<p><span style=\"font-weight: 400;\">Th\u01b0\u1eddng th\u00ec bu\u1ed5i ph\u1ecfng v\u1ea5n \u0111\u1ea7u ti\u00ean s\u1ebd qua \u0111i\u1ec7n tho\u1ea1i\/Skype v\u1edbi m\u1ed9t chuy\u1ec3n vi\u00ean Tuy\u1ec3n D\u1ee5ng v\u00e0 Nh\u00e2n S\u1ef1 c\u1ee7a Metasource. Sau \u0111\u00f3, c\u00e1c bu\u1ed5i ph\u1ecfng v\u1ea5n ti\u1ebfp theo s\u1ebd tr\u1ef1c ti\u1ebfp v\u1edbi nh\u00e0 tuy\u1ec3n d\u1ee5ng, c\u00f3 th\u1ec3 l\u00e0 \u0111\u1ed9ng nghi\u1ec7p, th\u00e0nh vi\u00ean trong nh\u00f3m l\u00e0m vi\u1ec7c ho\u1eb7c s\u1ebfp t\u01b0\u01a1ng lai c\u1ee7a b\u1ea1n.<\/span><\/p>\n<h2><b>T\u00f4i n\u00ean chu\u1ea9n b\u1ecb nh\u1eefng g\u00ec cho bu\u1ed5i ph\u1ecfng v\u1ea5n?<\/b><\/h2>\n<p><span style=\"font-weight: 400;\">C\u00e2u h\u1ecfi trong bu\u1ed5i ph\u1ecfng v\u1ea5n s\u1ebd thay \u0111\u1ed5i t\u00f9y theo t\u00ednh ch\u1ea5t c\u1ee7a t\u1eebng c\u00f4ng vi\u1ec7c. Th\u01b0\u01a1ng th\u00ec c\u00e1c c\u00f4ng ty n\u01b0\u1edbc ngo\u00e0i s\u1ebd th\u00e2n thi\u1ec7n h\u01a1n v\u00e0 c\u00e1ch ti\u1ebfp c\u1eadn s\u1ebd th\u1eb3ng th\u1eb3n h\u01a1n. C\u00e1c c\u00e2u h\u1ecfi c\u00f3 th\u1ec3 s\u1ebd kh\u00e1c h\u01a1n so v\u1edbi c\u00e1c c\u00f4ng ty n\u1ed9i \u0111\u1ecba. V\u00ed d\u1ee5, thay v\u00ec \u0111\u01b0a ra c\u00e1c c\u00e2u h\u1ecfi \u0111\u01a1n gi\u1ea3n c\u00f3\/kh\u00f4ng, b\u1ea1n c\u00f3 th\u1ec3 s\u1ebd \u0111\u01b0\u1ee3c y\u00eau c\u1ea7u m\u00f4 t\u1ea3 m\u1ed9t s\u1ef1 ki\u00ean ho\u1eb7c t\u00ecnh hu\u1ed1ng trong ng\u1eef c\u1ea3nh c\u00f4ng vi\u1ec7c \u0111\u1ec3 th\u1ec3 hi\u1ec7n k\u1ef9 n\u0103ng c\u1ee7a m\u00ecnh. C\u00e1c b\u1ea1n c\u00f3 th\u1ec3 tham kh\u1ea3o qua m\u1ed9t s\u1ed1 b\u00ed quy\u1ebft ph\u1ecfng v\u1ea5n cho l\u0129nh v\u1ef1c c\u00f4ng ngh\u1ec7 t\u1ea1i <\/span><a href=\"http:\/\/www.metajobs.co\/interview-tips-tech-jobs\/\"><span style=\"font-weight: 400;\">\u0111\u00e2y<\/span><\/a><span style=\"font-weight: 400;\">.<\/span><\/p>\n<h2><b>T\u00f4i c\u00f3 th\u1ec3 t\u00ecm xem th\u00eam c\u00e1c c\u00f4ng vi\u1ec7c \u1edf \u0111\u00e2u?<\/b><\/h2>\n<p><span style=\"font-weight: 400;\">B\u1ea1n c\u00f3 th\u1ec3 tham kh\u1ea3o c\u00e1c c\u00f4ng vi\u1ec7c \u0111ang \u0111\u0103ng tuy\u1ec3n t\u1ea1i website c\u1ee7a ch\u00fang t\u00f4i t\u1ea1i <\/span><a href=\"http:\/\/www.metajobs.co\/search-jobs\/\"><span style=\"font-weight: 400;\">\u0111\u00e2y<\/span><\/a><span style=\"font-weight: 400;\"> v\u00e0 \u0111\u1ecdc th\u00eam blog c\u1ee7a ch\u00fang t\u1ed9i t\u1ea1i <\/span><a href=\"http:\/\/www.metajobs.co\/blog\/\"><span style=\"font-weight: 400;\">\u0111\u00e2y<\/span><\/a><span style=\"font-weight: 400;\">. \u0110\u1eebng qu\u00ean theo d\u00f5i nh\u1eefng tin t\u1ee9c m\u1edbi nh\u1ea5t tr\u00ean <\/span><a href=\"https:\/\/www.facebook.com\/metasourcejobs\/\"><span style=\"font-weight: 400;\">Facebook<\/span><\/a><span style=\"font-weight: 400;\"> c\u1ee7a ch\u00fang t\u00f4i.<\/span><\/p>\n<p>&nbsp;<\/p>\n","protected":false},"excerpt":{"rendered":"<p>T\u00f4i c\u00f3 th\u1ec3 t\u00ecm \u0111\u01b0\u1ee3c lo\u1ea1i c\u00f4ng vi\u1ec7c n\u00e0o v\u1edbi Metajobs? Metajobs h\u1ed7 tr\u1ee3 c\u00f4ng ty n\u01b0\u1edbc ngo\u00e0i t\u00ecm ki\u1ebfm nh\u00e2n l\u1ef1c t\u1ea1i Vi\u1ec7t Nam. \u0110a ph\u1ea7n c\u00f4ng vi\u1ec7c \u0111\u0103ng tr\u00ean Metajobs th\u01b0\u1eddng li\u00ean quan \u0111\u1ebfn l\u0129nh v\u1ef1c ph\u00e1t tri\u1ec3n ph\u1ea7n m\u1ec1m v\u00e0 c\u00f4ng ngh\u1ec7. Tuy nhi\u00ean, nhu c\u1ea7u cho c\u00e1c v\u1ecb tr\u00ed h\u1ed7 tr\u1ee3 [&hellip;]<\/p>\n","protected":false},"author":6,"featured_media":224,"parent":0,"menu_order":0,"comment_status":"closed","ping_status":"closed","template":"page-metasource-faq.php","meta":{"_monsterinsights_skip_tracking":false,"_monsterinsights_sitenote_active":false,"_monsterinsights_sitenote_note":"","_monsterinsights_sitenote_category":0},"_links":{"self":[{"href":"https:\/\/www.metajobs.co\/vi\/wp-json\/wp\/v2\/pages\/597"}],"collection":[{"href":"https:\/\/www.metajobs.co\/vi\/wp-json\/wp\/v2\/pages"}],"about":[{"href":"https:\/\/www.metajobs.co\/vi\/wp-json\/wp\/v2\/types\/page"}],"author":[{"embeddable":true,"href":"https:\/\/www.metajobs.co\/vi\/wp-json\/wp\/v2\/users\/6"}],"replies":[{"embeddable":true,"href":"https:\/\/www.metajobs.co\/vi\/wp-json\/wp\/v2\/comments?post=597"}],"version-history":[{"count":3,"href":"https:\/\/www.metajobs.co\/vi\/wp-json\/wp\/v2\/pages\/597\/revisions"}],"predecessor-version":[{"id":1139,"href":"https:\/\/www.metajobs.co\/vi\/wp-json\/wp\/v2\/pages\/597\/revisions\/1139"}],"wp:featuredmedia":[{"embeddable":true,"href":"https:\/\/www.metajobs.co\/vi\/wp-json\/wp\/v2\/media\/224"}],"wp:attachment":[{"href":"https:\/\/www.metajobs.co\/vi\/wp-json\/wp\/v2\/media?parent=597"}],"curies":[{"name":"wp","href":"https:\/\/api.w.org\/{rel}","templated":true}]}}